{"id":759,"date":"2025-05-20T11:47:25","date_gmt":"2025-05-20T14:47:25","guid":{"rendered":"https:\/\/grupoaspas.com\/?page_id=759"},"modified":"2025-07-21T09:37:58","modified_gmt":"2025-07-21T12:37:58","slug":"midia","status":"publish","type":"page","link":"https:\/\/grupoaspas.com\/?page_id=759","title":{"rendered":"M\u00eddia"},"content":{"rendered":"\t\t<div data-elementor-type=\"wp-page\" data-elementor-id=\"759\" class=\"elementor elementor-759\" data-elementor-post-type=\"page\">\n\t\t\t\t<div class=\"elementor-element elementor-element-796193d e-flex e-con-boxed e-con e-parent\" data-id=\"796193d\" data-element_type=\"container\" data-e-type=\"container\" data-settings=\"{&quot;background_background&quot;:&quot;classic&quot;}\">\n\t\t\t\t\t<div class=\"e-con-inner\">\n\t\t\t\t<div class=\"elementor-element elementor-element-a7bb493 elementor-widget elementor-widget-heading\" data-id=\"a7bb493\" data-element_type=\"widget\" data-e-type=\"widget\" data-widget_type=\"heading.default\">\n\t\t\t\t<div class=\"elementor-widget-container\">\n\t\t\t\t\t<h2 class=\"elementor-heading-title elementor-size-default\"><font style=\"vertical-align: inherit\"><font style=\"vertical-align: inherit\">Na m\u00eddia<\/font><\/font><\/h2>\t\t\t\t<\/div>\n\t\t\t\t<\/div>\n\t\t\t\t<div class=\"elementor-element elementor-element-50e4fbe elementor-grid-3 elementor-grid-tablet-2 elementor-grid-mobile-1 elementor-posts--thumbnail-top elementor-card-shadow-yes elementor-posts__hover-gradient elementor-widget elementor-widget-posts\" data-id=\"50e4fbe\" data-element_type=\"widget\" data-e-type=\"widget\" data-settings=\"{&quot;cards_columns&quot;:&quot;3&quot;,&quot;cards_columns_tablet&quot;:&quot;2&quot;,&quot;cards_columns_mobile&quot;:&quot;1&quot;,&quot;cards_row_gap&quot;:{&quot;unit&quot;:&quot;px&quot;,&quot;size&quot;:35,&quot;sizes&quot;:[]},&quot;cards_row_gap_tablet&quot;:{&quot;unit&quot;:&quot;px&quot;,&quot;size&quot;:&quot;&quot;,&quot;sizes&quot;:[]},&quot;cards_row_gap_mobile&quot;:{&quot;unit&quot;:&quot;px&quot;,&quot;size&quot;:&quot;&quot;,&quot;sizes&quot;:[]}}\" data-widget_type=\"posts.cards\">\n\t\t\t\t<div class=\"elementor-widget-container\">\n\t\t\t\t\t\t\t<div class=\"elementor-posts-container elementor-posts elementor-posts--skin-cards elementor-grid\">\n\t\t\t\t<article class=\"elementor-post elementor-grid-item post-2447 post type-post status-publish format-standard has-post-thumbnail hentry category-midia\">\n\t\t\t<div class=\"elementor-post__card\">\n\t\t\t\t<a class=\"elementor-post__thumbnail__link\" href=\"https:\/\/grupoaspas.com\/?p=2447\" tabindex=\"-1\" ><div class=\"elementor-post__thumbnail\"><img fetchpriority=\"high\" decoding=\"async\" width=\"300\" height=\"188\" src=\"https:\/\/grupoaspas.com\/wp-content\/uploads\/2026\/03\/Screenshot-2026-03-30-at-15.52.31-300x188.png\" class=\"attachment-medium size-medium wp-image-2448\" alt=\"\" srcset=\"https:\/\/grupoaspas.com\/wp-content\/uploads\/2026\/03\/Screenshot-2026-03-30-at-15.52.31-300x188.png 300w, https:\/\/grupoaspas.com\/wp-content\/uploads\/2026\/03\/Screenshot-2026-03-30-at-15.52.31-1024x640.png 1024w, https:\/\/grupoaspas.com\/wp-content\/uploads\/2026\/03\/Screenshot-2026-03-30-at-15.52.31-768x480.png 768w, https:\/\/grupoaspas.com\/wp-content\/uploads\/2026\/03\/Screenshot-2026-03-30-at-15.52.31-1536x960.png 1536w, https:\/\/grupoaspas.com\/wp-content\/uploads\/2026\/03\/Screenshot-2026-03-30-at-15.52.31-2048x1280.png 2048w\" sizes=\"(max-width: 300px) 100vw, 300px\" \/><\/div><\/a>\n\t\t\t\t<div class=\"elementor-post__text\">\n\t\t\t\t<h3 class=\"elementor-post__title\">\n\t\t\t<a href=\"https:\/\/grupoaspas.com\/?p=2447\" >\n\t\t\t\tEntrevista: Como funciona o algoritmo?\t\t\t<\/a>\n\t\t<\/h3>\n\t\t\t\t<div class=\"elementor-post__excerpt\">\n\t\t\t<p>Descomplica A\u00ed NE1, TV Globo<\/p>\n\t\t<\/div>\n\t\t\t\t<\/div>\n\t\t\t\t<div class=\"elementor-post__meta-data\">\n\t\t\t\t\t<span class=\"elementor-post-date\">\n\t\t\t28 de fevereiro de 2026\t\t<\/span>\n\t\t\t\t<\/div>\n\t\t\t\t\t<\/div>\n\t\t<\/article>\n\t\t\t\t<article class=\"elementor-post elementor-grid-item post-2410 post type-post status-publish format-standard has-post-thumbnail hentry category-midia\">\n\t\t\t<div class=\"elementor-post__card\">\n\t\t\t\t<a class=\"elementor-post__thumbnail__link\" href=\"https:\/\/grupoaspas.com\/?p=2410\" tabindex=\"-1\" ><div class=\"elementor-post__thumbnail\"><img decoding=\"async\" width=\"300\" height=\"188\" src=\"https:\/\/grupoaspas.com\/wp-content\/uploads\/2026\/02\/Screenshot-2026-03-09-at-17.13.45-300x188.png\" class=\"attachment-medium size-medium wp-image-2417\" alt=\"\" srcset=\"https:\/\/grupoaspas.com\/wp-content\/uploads\/2026\/02\/Screenshot-2026-03-09-at-17.13.45-300x188.png 300w, https:\/\/grupoaspas.com\/wp-content\/uploads\/2026\/02\/Screenshot-2026-03-09-at-17.13.45-1024x640.png 1024w, https:\/\/grupoaspas.com\/wp-content\/uploads\/2026\/02\/Screenshot-2026-03-09-at-17.13.45-768x480.png 768w, https:\/\/grupoaspas.com\/wp-content\/uploads\/2026\/02\/Screenshot-2026-03-09-at-17.13.45-1536x960.png 1536w, https:\/\/grupoaspas.com\/wp-content\/uploads\/2026\/02\/Screenshot-2026-03-09-at-17.13.45-2048x1280.png 2048w\" sizes=\"(max-width: 300px) 100vw, 300px\" \/><\/div><\/a>\n\t\t\t\t<div class=\"elementor-post__text\">\n\t\t\t\t<h3 class=\"elementor-post__title\">\n\t\t\t<a href=\"https:\/\/grupoaspas.com\/?p=2410\" >\n\t\t\t\t&#8220;A crian\u00e7a precisa estar protegida na internet, n\u00e3o afastada dela&#8217; &#8211; Debate\t\t\t<\/a>\n\t\t<\/h3>\n\t\t\t\t<div class=\"elementor-post__excerpt\">\n\t\t\t<p>Super Manh\u00e3 na R\u00e1dio Jornal<\/p>\n\t\t<\/div>\n\t\t\t\t<\/div>\n\t\t\t\t<div class=\"elementor-post__meta-data\">\n\t\t\t\t\t<span class=\"elementor-post-date\">\n\t\t\t11 de fevereiro de 2026\t\t<\/span>\n\t\t\t\t<\/div>\n\t\t\t\t\t<\/div>\n\t\t<\/article>\n\t\t\t\t<article class=\"elementor-post elementor-grid-item post-2367 post type-post status-publish format-standard has-post-thumbnail hentry category-midia\">\n\t\t\t<div class=\"elementor-post__card\">\n\t\t\t\t<a class=\"elementor-post__thumbnail__link\" href=\"https:\/\/grupoaspas.com\/?p=2367\" tabindex=\"-1\" ><div class=\"elementor-post__thumbnail\"><img decoding=\"async\" width=\"300\" height=\"188\" src=\"https:\/\/grupoaspas.com\/wp-content\/uploads\/2026\/02\/NE1-2025-300x188.png\" class=\"attachment-medium size-medium wp-image-2368\" alt=\"\" srcset=\"https:\/\/grupoaspas.com\/wp-content\/uploads\/2026\/02\/NE1-2025-300x188.png 300w, https:\/\/grupoaspas.com\/wp-content\/uploads\/2026\/02\/NE1-2025-1024x640.png 1024w, https:\/\/grupoaspas.com\/wp-content\/uploads\/2026\/02\/NE1-2025-768x480.png 768w, https:\/\/grupoaspas.com\/wp-content\/uploads\/2026\/02\/NE1-2025-1536x960.png 1536w, https:\/\/grupoaspas.com\/wp-content\/uploads\/2026\/02\/NE1-2025-2048x1280.png 2048w\" sizes=\"(max-width: 300px) 100vw, 300px\" \/><\/div><\/a>\n\t\t\t\t<div class=\"elementor-post__text\">\n\t\t\t\t<h3 class=\"elementor-post__title\">\n\t\t\t<a href=\"https:\/\/grupoaspas.com\/?p=2367\" >\n\t\t\t\tEntrevista: Pais precisam monitorar o conte\u00fado consumido pelos filhos\t\t\t<\/a>\n\t\t<\/h3>\n\t\t\t\t<div class=\"elementor-post__excerpt\">\n\t\t\t<p>NE1, TV Globo Cuidados com<\/p>\n\t\t<\/div>\n\t\t\t\t<\/div>\n\t\t\t\t<div class=\"elementor-post__meta-data\">\n\t\t\t\t\t<span class=\"elementor-post-date\">\n\t\t\t6 de novembro de 2025\t\t<\/span>\n\t\t\t\t<\/div>\n\t\t\t\t\t<\/div>\n\t\t<\/article>\n\t\t\t\t<article class=\"elementor-post elementor-grid-item post-2327 post type-post status-publish format-standard has-post-thumbnail hentry category-midia\">\n\t\t\t<div class=\"elementor-post__card\">\n\t\t\t\t<a class=\"elementor-post__thumbnail__link\" href=\"https:\/\/grupoaspas.com\/?p=2327\" tabindex=\"-1\" ><div class=\"elementor-post__thumbnail\"><img loading=\"lazy\" decoding=\"async\" width=\"257\" height=\"300\" src=\"https:\/\/grupoaspas.com\/wp-content\/uploads\/2025\/10\/Screenshot-2025-10-29-at-12.11.18-257x300.png\" class=\"attachment-medium size-medium wp-image-2328\" alt=\"\" srcset=\"https:\/\/grupoaspas.com\/wp-content\/uploads\/2025\/10\/Screenshot-2025-10-29-at-12.11.18-257x300.png 257w, https:\/\/grupoaspas.com\/wp-content\/uploads\/2025\/10\/Screenshot-2025-10-29-at-12.11.18-879x1024.png 879w, https:\/\/grupoaspas.com\/wp-content\/uploads\/2025\/10\/Screenshot-2025-10-29-at-12.11.18-768x895.png 768w, https:\/\/grupoaspas.com\/wp-content\/uploads\/2025\/10\/Screenshot-2025-10-29-at-12.11.18.png 1051w\" sizes=\"(max-width: 257px) 100vw, 257px\" \/><\/div><\/a>\n\t\t\t\t<div class=\"elementor-post__text\">\n\t\t\t\t<h3 class=\"elementor-post__title\">\n\t\t\t<a href=\"https:\/\/grupoaspas.com\/?p=2327\" >\n\t\t\t\tECA digital pro\u00edbe caixas de recompensa em games de olho em v\u00edcio em apostas entre crian\u00e7as\t\t\t<\/a>\n\t\t<\/h3>\n\t\t\t\t<div class=\"elementor-post__excerpt\">\n\t\t\t<p>Folha de S\u00e3o Paulo &#8211;<\/p>\n\t\t<\/div>\n\t\t\t\t<\/div>\n\t\t\t\t<div class=\"elementor-post__meta-data\">\n\t\t\t\t\t<span class=\"elementor-post-date\">\n\t\t\t28 de outubro de 2025\t\t<\/span>\n\t\t\t\t<\/div>\n\t\t\t\t\t<\/div>\n\t\t<\/article>\n\t\t\t\t<article class=\"elementor-post elementor-grid-item post-1959 post type-post status-publish format-standard has-post-thumbnail hentry category-midia\">\n\t\t\t<div class=\"elementor-post__card\">\n\t\t\t\t<a class=\"elementor-post__thumbnail__link\" href=\"https:\/\/grupoaspas.com\/?p=1959\" tabindex=\"-1\" ><div class=\"elementor-post__thumbnail\"><img loading=\"lazy\" decoding=\"async\" width=\"300\" height=\"189\" src=\"https:\/\/grupoaspas.com\/wp-content\/uploads\/2025\/09\/NETV-2-300x189.png\" class=\"attachment-medium size-medium wp-image-1960\" alt=\"\" srcset=\"https:\/\/grupoaspas.com\/wp-content\/uploads\/2025\/09\/NETV-2-300x189.png 300w, https:\/\/grupoaspas.com\/wp-content\/uploads\/2025\/09\/NETV-2-1024x645.png 1024w, https:\/\/grupoaspas.com\/wp-content\/uploads\/2025\/09\/NETV-2-768x483.png 768w, https:\/\/grupoaspas.com\/wp-content\/uploads\/2025\/09\/NETV-2-1536x967.png 1536w, https:\/\/grupoaspas.com\/wp-content\/uploads\/2025\/09\/NETV-2.png 1792w\" sizes=\"(max-width: 300px) 100vw, 300px\" \/><\/div><\/a>\n\t\t\t\t<div class=\"elementor-post__text\">\n\t\t\t\t<h3 class=\"elementor-post__title\">\n\t\t\t<a href=\"https:\/\/grupoaspas.com\/?p=1959\" >\n\t\t\t\tCongresso nacional debate prote\u00e7\u00e3o de crian\u00e7as e adolescentes nas redes sociais\t\t\t<\/a>\n\t\t<\/h3>\n\t\t\t\t<div class=\"elementor-post__excerpt\">\n\t\t\t<p>NETV 2, Globo Pernambuco Professor<\/p>\n\t\t<\/div>\n\t\t\t\t<\/div>\n\t\t\t\t<div class=\"elementor-post__meta-data\">\n\t\t\t\t\t<span class=\"elementor-post-date\">\n\t\t\t26 de agosto de 2025\t\t<\/span>\n\t\t\t\t<\/div>\n\t\t\t\t\t<\/div>\n\t\t<\/article>\n\t\t\t\t<article class=\"elementor-post elementor-grid-item post-1922 post type-post status-publish format-standard has-post-thumbnail hentry category-midia\">\n\t\t\t<div class=\"elementor-post__card\">\n\t\t\t\t<a class=\"elementor-post__thumbnail__link\" href=\"https:\/\/grupoaspas.com\/?p=1922\" tabindex=\"-1\" ><div class=\"elementor-post__thumbnail\"><img loading=\"lazy\" decoding=\"async\" width=\"300\" height=\"159\" src=\"https:\/\/grupoaspas.com\/wp-content\/uploads\/2025\/09\/CBN-300x159.png\" class=\"attachment-medium size-medium wp-image-1923\" alt=\"\" srcset=\"https:\/\/grupoaspas.com\/wp-content\/uploads\/2025\/09\/CBN-300x159.png 300w, https:\/\/grupoaspas.com\/wp-content\/uploads\/2025\/09\/CBN-1024x544.png 1024w, https:\/\/grupoaspas.com\/wp-content\/uploads\/2025\/09\/CBN-768x408.png 768w, https:\/\/grupoaspas.com\/wp-content\/uploads\/2025\/09\/CBN-1536x816.png 1536w, https:\/\/grupoaspas.com\/wp-content\/uploads\/2025\/09\/CBN.png 1714w\" sizes=\"(max-width: 300px) 100vw, 300px\" \/><\/div><\/a>\n\t\t\t\t<div class=\"elementor-post__text\">\n\t\t\t\t<h3 class=\"elementor-post__title\">\n\t\t\t<a href=\"https:\/\/grupoaspas.com\/?p=1922\" >\n\t\t\t\t&#8216;\u00c9 o oposto de censura nas redes&#8217;, diz especialista sobre PL contra adultiza\u00e7\u00e3o\t\t\t<\/a>\n\t\t<\/h3>\n\t\t\t\t<div class=\"elementor-post__excerpt\">\n\t\t\t<p>Est\u00fadio CBN Por Reda\u00e7\u00e3o \u00a0<\/p>\n\t\t<\/div>\n\t\t\t\t<\/div>\n\t\t\t\t<div class=\"elementor-post__meta-data\">\n\t\t\t\t\t<span class=\"elementor-post-date\">\n\t\t\t19 de agosto de 2025\t\t<\/span>\n\t\t\t\t<\/div>\n\t\t\t\t\t<\/div>\n\t\t<\/article>\n\t\t\t\t<article class=\"elementor-post elementor-grid-item post-1952 post type-post status-publish format-standard has-post-thumbnail hentry category-midia\">\n\t\t\t<div class=\"elementor-post__card\">\n\t\t\t\t<a class=\"elementor-post__thumbnail__link\" href=\"https:\/\/grupoaspas.com\/?p=1952\" tabindex=\"-1\" ><div class=\"elementor-post__thumbnail\"><img loading=\"lazy\" decoding=\"async\" width=\"300\" height=\"168\" src=\"https:\/\/grupoaspas.com\/wp-content\/uploads\/2025\/09\/CBN-2-300x168.png\" class=\"attachment-medium size-medium wp-image-1953\" alt=\"\" srcset=\"https:\/\/grupoaspas.com\/wp-content\/uploads\/2025\/09\/CBN-2-300x168.png 300w, https:\/\/grupoaspas.com\/wp-content\/uploads\/2025\/09\/CBN-2-1024x574.png 1024w, https:\/\/grupoaspas.com\/wp-content\/uploads\/2025\/09\/CBN-2-768x431.png 768w, https:\/\/grupoaspas.com\/wp-content\/uploads\/2025\/09\/CBN-2-1536x861.png 1536w, https:\/\/grupoaspas.com\/wp-content\/uploads\/2025\/09\/CBN-2.png 1748w\" sizes=\"(max-width: 300px) 100vw, 300px\" \/><\/div><\/a>\n\t\t\t\t<div class=\"elementor-post__text\">\n\t\t\t\t<h3 class=\"elementor-post__title\">\n\t\t\t<a href=\"https:\/\/grupoaspas.com\/?p=1952\" >\n\t\t\t\tInfluenciadoras que ofereceram banana e macaco de pel\u00facia a crian\u00e7as negras s\u00e3o condenadas a 12 anos de pris\u00e3o\t\t\t<\/a>\n\t\t<\/h3>\n\t\t\t\t<div class=\"elementor-post__excerpt\">\n\t\t\t<p>CBN Por Anna Luiza Barreto<\/p>\n\t\t<\/div>\n\t\t\t\t<\/div>\n\t\t\t\t<div class=\"elementor-post__meta-data\">\n\t\t\t\t\t<span class=\"elementor-post-date\">\n\t\t\t19 de agosto de 2025\t\t<\/span>\n\t\t\t\t<\/div>\n\t\t\t\t\t<\/div>\n\t\t<\/article>\n\t\t\t\t<article class=\"elementor-post elementor-grid-item post-1890 post type-post status-publish format-standard has-post-thumbnail hentry category-midia\">\n\t\t\t<div class=\"elementor-post__card\">\n\t\t\t\t<a class=\"elementor-post__thumbnail__link\" href=\"https:\/\/grupoaspas.com\/?p=1890\" tabindex=\"-1\" ><div class=\"elementor-post__thumbnail\"><img loading=\"lazy\" decoding=\"async\" width=\"300\" height=\"250\" src=\"https:\/\/grupoaspas.com\/wp-content\/uploads\/2025\/09\/tigrinho-300x250.png\" class=\"attachment-medium size-medium wp-image-1892\" alt=\"\" srcset=\"https:\/\/grupoaspas.com\/wp-content\/uploads\/2025\/09\/tigrinho-300x250.png 300w, https:\/\/grupoaspas.com\/wp-content\/uploads\/2025\/09\/tigrinho-1024x853.png 1024w, https:\/\/grupoaspas.com\/wp-content\/uploads\/2025\/09\/tigrinho-768x639.png 768w, https:\/\/grupoaspas.com\/wp-content\/uploads\/2025\/09\/tigrinho.png 1290w\" sizes=\"(max-width: 300px) 100vw, 300px\" \/><\/div><\/a>\n\t\t\t\t<div class=\"elementor-post__text\">\n\t\t\t\t<h3 class=\"elementor-post__title\">\n\t\t\t<a href=\"https:\/\/grupoaspas.com\/?p=1890\" >\n\t\t\t\tO Tigrinho n\u00e3o \u00e9 fofo \u00e0 toa; como o design explica v\u00edcio em apostas online?\t\t\t<\/a>\n\t\t<\/h3>\n\t\t\t\t<div class=\"elementor-post__excerpt\">\n\t\t\t<p>Lupa, UOL Por Victor Terra<\/p>\n\t\t<\/div>\n\t\t\t\t<\/div>\n\t\t\t\t<div class=\"elementor-post__meta-data\">\n\t\t\t\t\t<span class=\"elementor-post-date\">\n\t\t\t11 de agosto de 2025\t\t<\/span>\n\t\t\t\t<\/div>\n\t\t\t\t\t<\/div>\n\t\t<\/article>\n\t\t\t\t<article class=\"elementor-post elementor-grid-item post-1686 post type-post status-publish format-standard has-post-thumbnail hentry category-midia\">\n\t\t\t<div class=\"elementor-post__card\">\n\t\t\t\t<a class=\"elementor-post__thumbnail__link\" href=\"https:\/\/grupoaspas.com\/?p=1686\" tabindex=\"-1\" ><div class=\"elementor-post__thumbnail\"><img loading=\"lazy\" decoding=\"async\" width=\"225\" height=\"300\" src=\"https:\/\/grupoaspas.com\/wp-content\/uploads\/2025\/07\/tvjornal-225x300.jpg\" class=\"attachment-medium size-medium wp-image-1699\" alt=\"\" srcset=\"https:\/\/grupoaspas.com\/wp-content\/uploads\/2025\/07\/tvjornal-225x300.jpg 225w, https:\/\/grupoaspas.com\/wp-content\/uploads\/2025\/07\/tvjornal-768x1025.jpg 768w, https:\/\/grupoaspas.com\/wp-content\/uploads\/2025\/07\/tvjornal-1151x1536.jpg 1151w, https:\/\/grupoaspas.com\/wp-content\/uploads\/2025\/07\/tvjornal.jpg 1170w\" sizes=\"(max-width: 225px) 100vw, 225px\" \/><\/div><\/a>\n\t\t\t\t<div class=\"elementor-post__text\">\n\t\t\t\t<h3 class=\"elementor-post__title\">\n\t\t\t<a href=\"https:\/\/grupoaspas.com\/?p=1686\" >\n\t\t\t\tComo os algoritmos influenciam comportamentos ligados \u00e0 masculinidade t\u00f3xica?\t\t\t<\/a>\n\t\t<\/h3>\n\t\t\t\t<div class=\"elementor-post__excerpt\">\n\t\t\t<p>Cotidiano, TV Jornal Por Amanda<\/p>\n\t\t<\/div>\n\t\t\t\t<\/div>\n\t\t\t\t<div class=\"elementor-post__meta-data\">\n\t\t\t\t\t<span class=\"elementor-post-date\">\n\t\t\t8 de julho de 2025\t\t<\/span>\n\t\t\t\t<\/div>\n\t\t\t\t\t<\/div>\n\t\t<\/article>\n\t\t\t\t<\/div>\n\t\t\n\t\t\t\t\t\t<\/div>\n\t\t\t\t<\/div>\n\t\t\t\t\t<\/div>\n\t\t\t\t<\/div>\n\t\t\t\t<\/div>\n\t\t","protected":false},"excerpt":{"rendered":"<p>Na m\u00eddia<\/p>\n","protected":false},"author":1,"featured_media":0,"parent":0,"menu_order":0,"comment_status":"closed","ping_status":"closed","template":"elementor_header_footer","meta":{"_acf_changed":false,"footnotes":""},"class_list":["post-759","page","type-page","status-publish","hentry"],"acf":[],"yoast_head":"<!-- This site is optimized with the Yoast SEO plugin v25.3 - https:\/\/yoast.com\/wordpress\/plugins\/seo\/ -->\n<title>M\u00eddia - ASPAS - Aspectos Sociot\u00e9cnicos em Plataformas de Software<\/title>\n<meta name=\"robots\" content=\"index, follow, max-snippet:-1, max-image-preview:large, max-video-preview:-1\" \/>\n<link rel=\"canonical\" href=\"https:\/\/grupoaspas.com\/?page_id=759\" \/>\n<meta property=\"og:locale\" content=\"pt_BR\" \/>\n<meta property=\"og:type\" content=\"article\" \/>\n<meta property=\"og:title\" content=\"M\u00eddia - ASPAS - Aspectos Sociot\u00e9cnicos em Plataformas de Software\" \/>\n<meta property=\"og:description\" content=\"Na m\u00eddia\" \/>\n<meta property=\"og:url\" content=\"https:\/\/grupoaspas.com\/?page_id=759\" \/>\n<meta property=\"og:site_name\" content=\"ASPAS - Aspectos Sociot\u00e9cnicos em Plataformas de Software\" \/>\n<meta property=\"article:modified_time\" content=\"2025-07-21T12:37:58+00:00\" \/>\n<meta name=\"twitter:card\" content=\"summary_large_image\" \/>\n<meta name=\"twitter:label1\" content=\"Est. tempo de leitura\" \/>\n\t<meta name=\"twitter:data1\" content=\"3 minutos\" \/>\n<script type=\"application\/ld+json\" class=\"yoast-schema-graph\">{\"@context\":\"https:\/\/schema.org\",\"@graph\":[{\"@type\":\"WebPage\",\"@id\":\"https:\/\/grupoaspas.com\/?page_id=759\",\"url\":\"https:\/\/grupoaspas.com\/?page_id=759\",\"name\":\"M\u00eddia - ASPAS - Aspectos Sociot\u00e9cnicos em Plataformas de Software\",\"isPartOf\":{\"@id\":\"https:\/\/grupoaspas.com\/#website\"},\"datePublished\":\"2025-05-20T14:47:25+00:00\",\"dateModified\":\"2025-07-21T12:37:58+00:00\",\"breadcrumb\":{\"@id\":\"https:\/\/grupoaspas.com\/?page_id=759#breadcrumb\"},\"inLanguage\":\"pt-BR\",\"potentialAction\":[{\"@type\":\"ReadAction\",\"target\":[\"https:\/\/grupoaspas.com\/?page_id=759\"]}]},{\"@type\":\"BreadcrumbList\",\"@id\":\"https:\/\/grupoaspas.com\/?page_id=759#breadcrumb\",\"itemListElement\":[{\"@type\":\"ListItem\",\"position\":1,\"name\":\"In\u00edcio\",\"item\":\"https:\/\/grupoaspas.com\/\"},{\"@type\":\"ListItem\",\"position\":2,\"name\":\"M\u00eddia\"}]},{\"@type\":\"WebSite\",\"@id\":\"https:\/\/grupoaspas.com\/#website\",\"url\":\"https:\/\/grupoaspas.com\/\",\"name\":\"Grupo ASPAS\",\"description\":\"Site do Grupo de Pesquisa de Aspectos Sociot\u00e9cnicos em Plataformas de Software da UFRPE\",\"publisher\":{\"@id\":\"https:\/\/grupoaspas.com\/#organization\"},\"alternateName\":\"ASPAS - Aspectos Sociot\u00e9cnicos em Plataformas de Software\",\"potentialAction\":[{\"@type\":\"SearchAction\",\"target\":{\"@type\":\"EntryPoint\",\"urlTemplate\":\"https:\/\/grupoaspas.com\/?s={search_term_string}\"},\"query-input\":{\"@type\":\"PropertyValueSpecification\",\"valueRequired\":true,\"valueName\":\"search_term_string\"}}],\"inLanguage\":\"pt-BR\"},{\"@type\":\"Organization\",\"@id\":\"https:\/\/grupoaspas.com\/#organization\",\"name\":\"ASPAS - Aspectos Sociot\u00e9cnicos em Plataformas de Software\",\"url\":\"https:\/\/grupoaspas.com\/\",\"logo\":{\"@type\":\"ImageObject\",\"inLanguage\":\"pt-BR\",\"@id\":\"https:\/\/grupoaspas.com\/#\/schema\/logo\/image\/\",\"url\":\"https:\/\/grupoaspas.com\/wp-content\/uploads\/2025\/03\/cropped-Frame-337.png\",\"contentUrl\":\"https:\/\/grupoaspas.com\/wp-content\/uploads\/2025\/03\/cropped-Frame-337.png\",\"width\":319,\"height\":88,\"caption\":\"ASPAS - Aspectos Sociot\u00e9cnicos em Plataformas de Software\"},\"image\":{\"@id\":\"https:\/\/grupoaspas.com\/#\/schema\/logo\/image\/\"}}]}<\/script>\n<!-- \/ Yoast SEO plugin. -->","yoast_head_json":{"title":"M\u00eddia - ASPAS - Aspectos Sociot\u00e9cnicos em Plataformas de Software","robots":{"index":"index","follow":"follow","max-snippet":"max-snippet:-1","max-image-preview":"max-image-preview:large","max-video-preview":"max-video-preview:-1"},"canonical":"https:\/\/grupoaspas.com\/?page_id=759","og_locale":"pt_BR","og_type":"article","og_title":"M\u00eddia - ASPAS - Aspectos Sociot\u00e9cnicos em Plataformas de Software","og_description":"Na m\u00eddia","og_url":"https:\/\/grupoaspas.com\/?page_id=759","og_site_name":"ASPAS - Aspectos Sociot\u00e9cnicos em Plataformas de Software","article_modified_time":"2025-07-21T12:37:58+00:00","twitter_card":"summary_large_image","twitter_misc":{"Est. tempo de leitura":"3 minutos"},"schema":{"@context":"https:\/\/schema.org","@graph":[{"@type":"WebPage","@id":"https:\/\/grupoaspas.com\/?page_id=759","url":"https:\/\/grupoaspas.com\/?page_id=759","name":"M\u00eddia - ASPAS - Aspectos Sociot\u00e9cnicos em Plataformas de Software","isPartOf":{"@id":"https:\/\/grupoaspas.com\/#website"},"datePublished":"2025-05-20T14:47:25+00:00","dateModified":"2025-07-21T12:37:58+00:00","breadcrumb":{"@id":"https:\/\/grupoaspas.com\/?page_id=759#breadcrumb"},"inLanguage":"pt-BR","potentialAction":[{"@type":"ReadAction","target":["https:\/\/grupoaspas.com\/?page_id=759"]}]},{"@type":"BreadcrumbList","@id":"https:\/\/grupoaspas.com\/?page_id=759#breadcrumb","itemListElement":[{"@type":"ListItem","position":1,"name":"In\u00edcio","item":"https:\/\/grupoaspas.com\/"},{"@type":"ListItem","position":2,"name":"M\u00eddia"}]},{"@type":"WebSite","@id":"https:\/\/grupoaspas.com\/#website","url":"https:\/\/grupoaspas.com\/","name":"Grupo ASPAS","description":"Site do Grupo de Pesquisa de Aspectos Sociot\u00e9cnicos em Plataformas de Software da UFRPE","publisher":{"@id":"https:\/\/grupoaspas.com\/#organization"},"alternateName":"ASPAS - Aspectos Sociot\u00e9cnicos em Plataformas de Software","potentialAction":[{"@type":"SearchAction","target":{"@type":"EntryPoint","urlTemplate":"https:\/\/grupoaspas.com\/?s={search_term_string}"},"query-input":{"@type":"PropertyValueSpecification","valueRequired":true,"valueName":"search_term_string"}}],"inLanguage":"pt-BR"},{"@type":"Organization","@id":"https:\/\/grupoaspas.com\/#organization","name":"ASPAS - Aspectos Sociot\u00e9cnicos em Plataformas de Software","url":"https:\/\/grupoaspas.com\/","logo":{"@type":"ImageObject","inLanguage":"pt-BR","@id":"https:\/\/grupoaspas.com\/#\/schema\/logo\/image\/","url":"https:\/\/grupoaspas.com\/wp-content\/uploads\/2025\/03\/cropped-Frame-337.png","contentUrl":"https:\/\/grupoaspas.com\/wp-content\/uploads\/2025\/03\/cropped-Frame-337.png","width":319,"height":88,"caption":"ASPAS - Aspectos Sociot\u00e9cnicos em Plataformas de Software"},"image":{"@id":"https:\/\/grupoaspas.com\/#\/schema\/logo\/image\/"}}]}},"_links":{"self":[{"href":"https:\/\/grupoaspas.com\/index.php?rest_route=\/wp\/v2\/pages\/759","targetHints":{"allow":["GET"]}}],"collection":[{"href":"https:\/\/grupoaspas.com\/index.php?rest_route=\/wp\/v2\/pages"}],"about":[{"href":"https:\/\/grupoaspas.com\/index.php?rest_route=\/wp\/v2\/types\/page"}],"author":[{"embeddable":true,"href":"https:\/\/grupoaspas.com\/index.php?rest_route=\/wp\/v2\/users\/1"}],"replies":[{"embeddable":true,"href":"https:\/\/grupoaspas.com\/index.php?rest_route=%2Fwp%2Fv2%2Fcomments&post=759"}],"version-history":[{"count":56,"href":"https:\/\/grupoaspas.com\/index.php?rest_route=\/wp\/v2\/pages\/759\/revisions"}],"predecessor-version":[{"id":1721,"href":"https:\/\/grupoaspas.com\/index.php?rest_route=\/wp\/v2\/pages\/759\/revisions\/1721"}],"wp:attachment":[{"href":"https:\/\/grupoaspas.com\/index.php?rest_route=%2Fwp%2Fv2%2Fmedia&parent=759"}],"curies":[{"name":"wp","href":"https:\/\/api.w.org\/{rel}","templated":true}]}}